{"id":4617,"date":"2021-03-14T03:48:42","date_gmt":"2021-03-14T02:48:42","guid":{"rendered":"https:\/\/www.berlin-music-circus.de\/bmc\/?page_id=4617"},"modified":"2025-07-08T02:05:29","modified_gmt":"2025-07-08T00:05:29","slug":"hints","status":"publish","type":"page","link":"https:\/\/www.berlin-music-circus.de\/bmc\/hints\/","title":{"rendered":"Hints"},"content":{"rendered":"\t\t<div data-elementor-type=\"wp-post\" data-elementor-id=\"4617\" class=\"elementor elementor-4617\">\n\t\t\t\t\t\t\t\t\t<section class=\"elementor-section elementor-top-section elementor-element elementor-element-c6a99ba elementor-section-boxed elementor-section-height-default elementor-section-height-default\" data-id=\"c6a99ba\" data-element_type=\"section\" data-settings=\"{&quot;background_background&quot;:&quot;classic&quot;,&quot;_ha_eqh_enable&quot;:false}\">\n\t\t\t\t\t\t<div class=\"elementor-container elementor-column-gap-default\">\n\t\t\t\t\t<div class=\"elementor-column elementor-col-100 elementor-top-column elementor-element elementor-element-0aca5b8\" data-id=\"0aca5b8\" data-element_type=\"column\">\n\t\t\t<div class=\"elementor-widget-wrap\">\n\t\t\t\t\t\t\t\t\t<\/div>\n\t\t<\/div>\n\t\t\t\t\t\t\t<\/div>\n\t\t<\/section>\n\t\t\t\t<section class=\"elementor-section elementor-top-section elementor-element elementor-element-986b4ce elementor-section-boxed elementor-section-height-default elementor-section-height-default\" data-id=\"986b4ce\" data-element_type=\"section\" data-settings=\"{&quot;_ha_eqh_enable&quot;:false}\">\n\t\t\t\t\t\t<div class=\"elementor-container elementor-column-gap-default\">\n\t\t\t\t\t<div class=\"elementor-column elementor-col-100 elementor-top-column elementor-element elementor-element-84c326f\" data-id=\"84c326f\" data-element_type=\"column\">\n\t\t\t<div class=\"elementor-widget-wrap elementor-element-populated\">\n\t\t\t\t\t\t\t\t<div class=\"elementor-element elementor-element-53b1449 elementor-invisible elementor-widget elementor-widget-heading\" data-id=\"53b1449\" data-element_type=\"widget\" data-settings=\"{&quot;_animation&quot;:&quot;fadeInLeft&quot;}\" data-widget_type=\"heading.default\">\n\t\t\t\t<div class=\"elementor-widget-container\">\n\t\t\t<h2 class=\"elementor-heading-title elementor-size-default\">Hinweise<\/h2>\t\t<\/div>\n\t\t\t\t<\/div>\n\t\t\t\t\t<\/div>\n\t\t<\/div>\n\t\t\t\t\t\t\t<\/div>\n\t\t<\/section>\n\t\t\t\t<section class=\"elementor-section elementor-top-section elementor-element elementor-element-dcd8411 elementor-section-boxed elementor-section-height-default elementor-section-height-default\" data-id=\"dcd8411\" data-element_type=\"section\" data-settings=\"{&quot;_ha_eqh_enable&quot;:false}\">\n\t\t\t\t\t\t<div class=\"elementor-container elementor-column-gap-default\">\n\t\t\t\t\t<div class=\"elementor-column elementor-col-100 elementor-top-column elementor-element elementor-element-412dc1f\" data-id=\"412dc1f\" data-element_type=\"column\">\n\t\t\t<div class=\"elementor-widget-wrap elementor-element-populated\">\n\t\t\t\t\t\t\t\t<div class=\"elementor-element elementor-element-aaf38c6 elementor-widget elementor-widget-heading\" data-id=\"aaf38c6\" data-element_type=\"widget\" data-widget_type=\"heading.default\">\n\t\t\t\t<div class=\"elementor-widget-container\">\n\t\t\t<h2 class=\"elementor-heading-title elementor-size-default\">Was wir noch sagen m\u00f6chten ...<\/h2>\t\t<\/div>\n\t\t\t\t<\/div>\n\t\t\t\t\t<\/div>\n\t\t<\/div>\n\t\t\t\t\t\t\t<\/div>\n\t\t<\/section>\n\t\t\t\t<section class=\"elementor-section elementor-top-section elementor-element elementor-element-1cc92b3 elementor-section-boxed elementor-section-height-default elementor-section-height-default\" data-id=\"1cc92b3\" data-element_type=\"section\" data-settings=\"{&quot;_ha_eqh_enable&quot;:false}\">\n\t\t\t\t\t\t<div class=\"elementor-container elementor-column-gap-default\">\n\t\t\t\t\t<div class=\"elementor-column elementor-col-100 elementor-top-column elementor-element elementor-element-096b03d\" data-id=\"096b03d\" data-element_type=\"column\">\n\t\t\t<div class=\"elementor-widget-wrap elementor-element-populated\">\n\t\t\t\t\t\t\t\t<div class=\"elementor-element elementor-element-0628602 elementor-widget-divider--view-line_icon elementor-view-default elementor-widget-divider--element-align-center elementor-widget elementor-widget-divider\" data-id=\"0628602\" data-element_type=\"widget\" data-widget_type=\"divider.default\">\n\t\t\t\t<div class=\"elementor-widget-container\">\n\t\t\t\t\t<div class=\"elementor-divider\">\n\t\t\t<span class=\"elementor-divider-separator\">\n\t\t\t\t\t\t\t<div class=\"elementor-icon elementor-divider__element\">\n\t\t\t\t\t<i aria-hidden=\"true\" class=\"fas fa-star\"><\/i><\/div>\n\t\t\t\t\t\t<\/span>\n\t\t<\/div>\n\t\t\t\t<\/div>\n\t\t\t\t<\/div>\n\t\t\t\t\t<\/div>\n\t\t<\/div>\n\t\t\t\t\t\t\t<\/div>\n\t\t<\/section>\n\t\t\t\t<section class=\"elementor-section elementor-top-section elementor-element elementor-element-9ecc4e3 elementor-section-boxed elementor-section-height-default elementor-section-height-default\" data-id=\"9ecc4e3\" data-element_type=\"section\" data-settings=\"{&quot;_ha_eqh_enable&quot;:false}\">\n\t\t\t\t\t\t<div class=\"elementor-container elementor-column-gap-default\">\n\t\t\t\t\t<div class=\"elementor-column elementor-col-100 elementor-top-column elementor-element elementor-element-711c443\" data-id=\"711c443\" data-element_type=\"column\">\n\t\t\t<div class=\"elementor-widget-wrap elementor-element-populated\">\n\t\t\t\t\t\t\t\t<div class=\"elementor-element elementor-element-5b65796 elementor-widget elementor-widget-image\" data-id=\"5b65796\" data-element_type=\"widget\" data-widget_type=\"image.default\">\n\t\t\t\t<div class=\"elementor-widget-container\">\n\t\t\t\t\t\t\t\t\t\t\t\t\t\t\t<img fetchpriority=\"high\" decoding=\"async\" width=\"500\" height=\"377\" src=\"https:\/\/www.berlin-music-circus.de\/bmc\/wp-content\/uploads\/2022\/11\/Megaphonmann.png\" class=\"attachment-full size-full wp-image-11559\" alt=\"Megaphonmann\" srcset=\"https:\/\/www.berlin-music-circus.de\/bmc\/wp-content\/uploads\/2022\/11\/Megaphonmann.png 500w, https:\/\/www.berlin-music-circus.de\/bmc\/wp-content\/uploads\/2022\/11\/Megaphonmann-300x226.png 300w\" sizes=\"100vw\" \/>\t\t\t\t\t\t\t\t\t\t\t\t\t\t\t<\/div>\n\t\t\t\t<\/div>\n\t\t\t\t\t<\/div>\n\t\t<\/div>\n\t\t\t\t\t\t\t<\/div>\n\t\t<\/section>\n\t\t\t\t<section class=\"elementor-section elementor-top-section elementor-element elementor-element-25dbf0f elementor-section-boxed elementor-section-height-default elementor-section-height-default\" data-id=\"25dbf0f\" data-element_type=\"section\" data-settings=\"{&quot;_ha_eqh_enable&quot;:false}\">\n\t\t\t\t\t\t<div class=\"elementor-container elementor-column-gap-default\">\n\t\t\t\t\t<div class=\"elementor-column elementor-col-100 elementor-top-column elementor-element elementor-element-1cf7527\" data-id=\"1cf7527\" data-element_type=\"column\">\n\t\t\t<div class=\"elementor-widget-wrap elementor-element-populated\">\n\t\t\t\t\t\t\t\t<div class=\"elementor-element elementor-element-8061937 elementor-widget elementor-widget-spacer\" data-id=\"8061937\" data-element_type=\"widget\" data-widget_type=\"spacer.default\">\n\t\t\t\t<div class=\"elementor-widget-container\">\n\t\t\t\t\t<div class=\"elementor-spacer\">\n\t\t\t<div class=\"elementor-spacer-inner\"><\/div>\n\t\t<\/div>\n\t\t\t\t<\/div>\n\t\t\t\t<\/div>\n\t\t\t\t\t<\/div>\n\t\t<\/div>\n\t\t\t\t\t\t\t<\/div>\n\t\t<\/section>\n\t\t\t\t<section class=\"elementor-section elementor-top-section elementor-element elementor-element-878ffdc elementor-section-boxed elementor-section-height-default elementor-section-height-default\" data-id=\"878ffdc\" data-element_type=\"section\" data-settings=\"{&quot;_ha_eqh_enable&quot;:false}\">\n\t\t\t\t\t\t<div class=\"elementor-container elementor-column-gap-default\">\n\t\t\t\t\t<div class=\"elementor-column elementor-col-100 elementor-top-column elementor-element elementor-element-78c0bd7\" data-id=\"78c0bd7\" data-element_type=\"column\">\n\t\t\t<div class=\"elementor-widget-wrap elementor-element-populated\">\n\t\t\t\t\t\t\t\t<div class=\"elementor-element elementor-element-46f96ec elementor-widget elementor-widget-heading\" data-id=\"46f96ec\" data-element_type=\"widget\" data-widget_type=\"heading.default\">\n\t\t\t\t<div class=\"elementor-widget-container\">\n\t\t\t<h2 class=\"elementor-heading-title elementor-size-default\">Warum Berlin Music Circus eine Non-Profit-Initiative ist<\/h2>\t\t<\/div>\n\t\t\t\t<\/div>\n\t\t\t\t\t<\/div>\n\t\t<\/div>\n\t\t\t\t\t\t\t<\/div>\n\t\t<\/section>\n\t\t\t\t<section class=\"elementor-section elementor-top-section elementor-element elementor-element-72a5ec7 elementor-section-boxed elementor-section-height-default elementor-section-height-default\" data-id=\"72a5ec7\" data-element_type=\"section\" data-settings=\"{&quot;_ha_eqh_enable&quot;:false}\">\n\t\t\t\t\t\t<div class=\"elementor-container elementor-column-gap-default\">\n\t\t\t\t\t<div class=\"elementor-column elementor-col-25 elementor-top-column elementor-element elementor-element-3b8a6b9\" data-id=\"3b8a6b9\" data-element_type=\"column\">\n\t\t\t<div class=\"elementor-widget-wrap elementor-element-populated\">\n\t\t\t\t\t\t\t\t<div class=\"elementor-element elementor-element-af0575c elementor-widget elementor-widget-text-editor\" data-id=\"af0575c\" data-element_type=\"widget\" data-widget_type=\"text-editor.default\">\n\t\t\t\t<div class=\"elementor-widget-container\">\n\t\t\t\t\t\t\t<p><strong>&#8220;We don&#8217;t need money to have a good time&#8221;, sangen\u00a0<\/strong>The Subways<strong>. Wir stimmen mit ein:\u00a0<\/strong><span style=\"color: #800000; font-weight: bold; font-size: 1rem;\">BERLIN MUSIC CIRCUS<\/span><strong style=\"color: var( --e-global-color-text ); font-size: 1rem;\">\u00a0ist nicht profitorientiert!<\/strong><\/p><p>Die aufrichtige Frage einer befreundeten K\u00fcnstlerin lautete: &#8220;Seid ihr eigentlich verr\u00fcckt? Ein ganz klares Ja! Wir sind Musikverr\u00fcckte! Wir haben m\u00e4chtig Bock in dem Bereich aktiv zu werden, weil wir schlichtweg Lust auf gute Mucke und gute Leute haben. Und deshalb spielt Geld erstmal keine ganz so gro\u00dfe Rolle f\u00fcr uns.<\/p>\t\t\t\t\t\t<\/div>\n\t\t\t\t<\/div>\n\t\t\t\t\t<\/div>\n\t\t<\/div>\n\t\t\t\t<div class=\"elementor-column elementor-col-25 elementor-top-column elementor-element elementor-element-f22614c\" data-id=\"f22614c\" data-element_type=\"column\">\n\t\t\t<div class=\"elementor-widget-wrap elementor-element-populated\">\n\t\t\t\t\t\t\t\t<div class=\"elementor-element elementor-element-64deb07 elementor-widget elementor-widget-text-editor\" data-id=\"64deb07\" data-element_type=\"widget\" data-widget_type=\"text-editor.default\">\n\t\t\t\t<div class=\"elementor-widget-container\">\n\t\t\t\t\t\t\t<p>Das mag bescheuert klingen, ist aber ernst gemeint. Und so ganz neu ist dieser Ansatz gar nicht. Den Musicians der Punkbewegung in den 80ern war Geld auch nicht wichtig. Sie wollten einfach nur Musik machen.<\/p><p>Und nicht wenige der Sound Artists, die noch unbekannt sind und gerade erst loslegen sehen das ganz genau so: &#8220;Erstmal machen!&#8221; Und dann sieht man, was daraus wird. Am Anfang steht der Spa\u00df im Vordergrund. Gemeinsam Fun zu haben ist eh unbezahlbar!<\/p>\t\t\t\t\t\t<\/div>\n\t\t\t\t<\/div>\n\t\t\t\t\t<\/div>\n\t\t<\/div>\n\t\t\t\t<div class=\"elementor-column elementor-col-25 elementor-top-column elementor-element elementor-element-928d300\" data-id=\"928d300\" data-element_type=\"column\">\n\t\t\t<div class=\"elementor-widget-wrap elementor-element-populated\">\n\t\t\t\t\t\t\t\t<div class=\"elementor-element elementor-element-8244e0e elementor-widget elementor-widget-text-editor\" data-id=\"8244e0e\" data-element_type=\"widget\" data-widget_type=\"text-editor.default\">\n\t\t\t\t<div class=\"elementor-widget-container\">\n\t\t\t\t\t\t\t<p>Okay, das soll selbstverst\u00e4ndlich nicht in G\u00e4nze bedeuten, dass wir vom&nbsp;<span style=\"color: rgb(128, 0, 0); font-weight: 700; font-size: 1rem;\">BERLIN MUSIC CIRCUS<\/span><span style=\"color: var( --e-global-color-text ); font-size: 1rem;\">&nbsp;ein Club \u00fcberzeugter Samariter sind. Auch wir m\u00fcssen hin und wieder &#8216;ne Schrippe kofen, is&#8217; ja klar!<\/span><\/p>\n<p><span style=\"color: var( --e-global-color-text ); font-size: 1rem;\">Deshalb halten auch wir uns die Option offen, mehr daraus zu machen, wenn sich die Gelegenheit bietet. Das sehen wir dann eben wieder \u00e4hnlich, wie viele andere im Musikbereich, die dem Lockruf des Geldes dann doch nicht widerstehen konnten.<\/span><\/p>\t\t\t\t\t\t<\/div>\n\t\t\t\t<\/div>\n\t\t\t\t\t<\/div>\n\t\t<\/div>\n\t\t\t\t<div class=\"elementor-column elementor-col-25 elementor-top-column elementor-element elementor-element-fdba29d\" data-id=\"fdba29d\" data-element_type=\"column\">\n\t\t\t<div class=\"elementor-widget-wrap elementor-element-populated\">\n\t\t\t\t\t\t\t\t<div class=\"elementor-element elementor-element-dc9150d elementor-widget elementor-widget-text-editor\" data-id=\"dc9150d\" data-element_type=\"widget\" data-widget_type=\"text-editor.default\">\n\t\t\t\t<div class=\"elementor-widget-container\">\n\t\t\t\t\t\t\t<p>&#8220;<a href=\"https:\/\/www.youtube.com\/watch?v=PIAXG_QcQNU\">Money makes the world go round!<\/a>&#8220;, das ist leider so.\u00a0 Man kann aber etwas daf\u00fcr tun, damit es auf eine gute Art und Weise rund l\u00e4uft mit der (Musik)Welt und dem Money.<\/p><p>Der\u00a0<span style=\"color: #800000; font-weight: bold; font-size: 1rem;\">BERLIN MUSIC CIRCUS<\/span><span style=\"color: var( --e-global-color-text ); font-size: 1rem;\">\u00a0m\u00f6chte genau das machen: als Talentscouts! Wenn uns eine Band oder ein Solo-Artist auff\u00e4llt mit einem \u00e4hnlich guten Potenzial wie beispielsweise das Duo Fepejo, dann versuchen wir mehr daraus zu machen. Dann starten Management und Produktion.<\/span><\/p>\t\t\t\t\t\t<\/div>\n\t\t\t\t<\/div>\n\t\t\t\t\t<\/div>\n\t\t<\/div>\n\t\t\t\t\t\t\t<\/div>\n\t\t<\/section>\n\t\t\t\t<section class=\"elementor-section elementor-top-section elementor-element elementor-element-9cdd637 elementor-section-boxed elementor-section-height-default elementor-section-height-default\" data-id=\"9cdd637\" data-element_type=\"section\" data-settings=\"{&quot;_ha_eqh_enable&quot;:false}\">\n\t\t\t\t\t\t<div class=\"elementor-container elementor-column-gap-default\">\n\t\t\t\t\t<div class=\"elementor-column elementor-col-100 elementor-top-column elementor-element elementor-element-0b6493d\" data-id=\"0b6493d\" data-element_type=\"column\">\n\t\t\t<div class=\"elementor-widget-wrap elementor-element-populated\">\n\t\t\t\t\t\t\t\t<div class=\"elementor-element elementor-element-ae68407 elementor-widget elementor-widget-image\" data-id=\"ae68407\" data-element_type=\"widget\" data-widget_type=\"image.default\">\n\t\t\t\t<div class=\"elementor-widget-container\">\n\t\t\t\t\t\t\t\t\t\t\t\t\t\t\t<img decoding=\"async\" width=\"150\" height=\"150\" src=\"https:\/\/www.berlin-music-circus.de\/bmc\/wp-content\/uploads\/2022\/11\/no_money4-150x150.png\" class=\"attachment-thumbnail size-thumbnail wp-image-11565\" alt=\"\" srcset=\"https:\/\/www.berlin-music-circus.de\/bmc\/wp-content\/uploads\/2022\/11\/no_money4-150x150.png 150w, https:\/\/www.berlin-music-circus.de\/bmc\/wp-content\/uploads\/2022\/11\/no_money4.png 300w, https:\/\/www.berlin-music-circus.de\/bmc\/wp-content\/uploads\/2022\/11\/no_money4-100x100.png 100w\" sizes=\"100vw\" \/>\t\t\t\t\t\t\t\t\t\t\t\t\t\t\t<\/div>\n\t\t\t\t<\/div>\n\t\t\t\t\t<\/div>\n\t\t<\/div>\n\t\t\t\t\t\t\t<\/div>\n\t\t<\/section>\n\t\t\t\t<section class=\"elementor-section elementor-top-section elementor-element elementor-element-f7fcc7f elementor-section-boxed elementor-section-height-default elementor-section-height-default\" data-id=\"f7fcc7f\" data-element_type=\"section\" data-settings=\"{&quot;_ha_eqh_enable&quot;:false}\">\n\t\t\t\t\t\t<div class=\"elementor-container elementor-column-gap-default\">\n\t\t\t\t\t<div class=\"elementor-column elementor-col-100 elementor-top-column elementor-element elementor-element-6fecee7\" data-id=\"6fecee7\" data-element_type=\"column\">\n\t\t\t<div class=\"elementor-widget-wrap\">\n\t\t\t\t\t\t\t\t\t<\/div>\n\t\t<\/div>\n\t\t\t\t\t\t\t<\/div>\n\t\t<\/section>\n\t\t\t\t<section class=\"elementor-section elementor-top-section elementor-element elementor-element-5f40839 elementor-section-boxed elementor-section-height-default elementor-section-height-default\" data-id=\"5f40839\" data-element_type=\"section\" data-settings=\"{&quot;_ha_eqh_enable&quot;:false}\">\n\t\t\t\t\t\t<div class=\"elementor-container elementor-column-gap-default\">\n\t\t\t\t\t<div class=\"elementor-column elementor-col-100 elementor-top-column elementor-element elementor-element-d4faed6\" data-id=\"d4faed6\" data-element_type=\"column\">\n\t\t\t<div class=\"elementor-widget-wrap elementor-element-populated\">\n\t\t\t\t\t\t\t\t<div class=\"elementor-element elementor-element-78a7ebe elementor-widget elementor-widget-image\" data-id=\"78a7ebe\" data-element_type=\"widget\" data-widget_type=\"image.default\">\n\t\t\t\t<div class=\"elementor-widget-container\">\n\t\t\t\t\t\t\t\t\t\t\t\t\t\t\t<img decoding=\"async\" width=\"1198\" height=\"207\" src=\"https:\/\/www.berlin-music-circus.de\/bmc\/wp-content\/uploads\/2020\/10\/Fans6.png\" class=\"attachment-full size-full wp-image-2200\" alt=\"Fans\" srcset=\"https:\/\/www.berlin-music-circus.de\/bmc\/wp-content\/uploads\/2020\/10\/Fans6.png 1198w, https:\/\/www.berlin-music-circus.de\/bmc\/wp-content\/uploads\/2020\/10\/Fans6-300x52.png 300w, https:\/\/www.berlin-music-circus.de\/bmc\/wp-content\/uploads\/2020\/10\/Fans6-1024x177.png 1024w, https:\/\/www.berlin-music-circus.de\/bmc\/wp-content\/uploads\/2020\/10\/Fans6-768x133.png 768w\" sizes=\"100vw\" \/>\t\t\t\t\t\t\t\t\t\t\t\t\t\t\t<\/div>\n\t\t\t\t<\/div>\n\t\t\t\t\t<\/div>\n\t\t<\/div>\n\t\t\t\t\t\t\t<\/div>\n\t\t<\/section>\n\t\t\t\t\t\t\t<\/div>\n\t\t","protected":false},"excerpt":{"rendered":"<p>Hinweise Was wir noch sagen m\u00f6chten &#8230; Warum Berlin Music Circus eine Non-Profit-Initiative ist &#8220;We don&#8217;t need money to have a good time&#8221;, sangen\u00a0The Subways. Wir stimmen mit ein:\u00a0BERLIN MUSIC CIRCUS\u00a0ist nicht profitorientiert! Die aufrichtige Frage einer befreundeten K\u00fcnstlerin lautete: &#8220;Seid ihr eigentlich verr\u00fcckt? Ein ganz klares Ja! Wir sind Musikverr\u00fcckte! Wir haben m\u00e4chtig Bock &hellip; <\/p>\n<p class=\"link-more\"><a href=\"https:\/\/www.berlin-music-circus.de\/bmc\/hints\/\" class=\"more-link\"><span class=\"screen-reader-text\">\u201eHints\u201c<\/span> weiterlesen<\/a><\/p>\n","protected":false},"author":1,"featured_media":0,"parent":0,"menu_order":0,"comment_status":"closed","ping_status":"closed","template":"elementor_header_footer","meta":{"footnotes":""},"class_list":["post-4617","page","type-page","status-publish","hentry"],"yoast_head":"<!-- This site is optimized with the Yoast SEO plugin v20.9 - https:\/\/yoast.com\/wordpress\/plugins\/seo\/ -->\n<title>Hints - BERLIN MUSIC CIRCUS<\/title>\n<meta name=\"description\" content=\"\u201cWe don\u2019t need money to have a good time\u201d, sangen The Subways. Wir stimmen mit ein: BERLIN MUSIC CIRCUS ist nicht profitorientiert!\" \/>\n<meta name=\"robots\" content=\"index, follow, max-snippet:-1, max-image-preview:large, max-video-preview:-1\" \/>\n<link rel=\"canonical\" href=\"https:\/\/www.berlin-music-circus.de\/bmc\/hints\/\" \/>\n<meta property=\"og:locale\" content=\"de_DE\" \/>\n<meta property=\"og:type\" content=\"article\" \/>\n<meta property=\"og:title\" content=\"Hints - BERLIN MUSIC CIRCUS\" \/>\n<meta property=\"og:description\" content=\"\u201cWe don\u2019t need money to have a good time\u201d, sangen The Subways. Wir stimmen mit ein: BERLIN MUSIC CIRCUS ist nicht profitorientiert!\" \/>\n<meta property=\"og:url\" content=\"https:\/\/www.berlin-music-circus.de\/bmc\/hints\/\" \/>\n<meta property=\"og:site_name\" content=\"BERLIN MUSIC CIRCUS\" \/>\n<meta property=\"article:modified_time\" content=\"2025-07-08T00:05:29+00:00\" \/>\n<meta property=\"og:image\" content=\"https:\/\/www.berlin-music-circus.de\/bmc\/wp-content\/uploads\/2022\/11\/Megaphonmann.png\" \/>\n<meta name=\"twitter:card\" content=\"summary_large_image\" \/>\n<meta name=\"twitter:label1\" content=\"Gesch\u00e4tzte Lesezeit\" \/>\n\t<meta name=\"twitter:data1\" content=\"3\u00a0Minuten\" \/>\n<script type=\"application\/ld+json\" class=\"yoast-schema-graph\">{\"@context\":\"https:\/\/schema.org\",\"@graph\":[{\"@type\":\"WebPage\",\"@id\":\"https:\/\/www.berlin-music-circus.de\/bmc\/hints\/\",\"url\":\"https:\/\/www.berlin-music-circus.de\/bmc\/hints\/\",\"name\":\"Hints - BERLIN MUSIC CIRCUS\",\"isPartOf\":{\"@id\":\"https:\/\/www.berlin-music-circus.de\/bmc\/#website\"},\"datePublished\":\"2021-03-14T02:48:42+00:00\",\"dateModified\":\"2025-07-08T00:05:29+00:00\",\"description\":\"\u201cWe don\u2019t need money to have a good time\u201d, sangen The Subways. Wir stimmen mit ein: BERLIN MUSIC CIRCUS ist nicht profitorientiert!\",\"breadcrumb\":{\"@id\":\"https:\/\/www.berlin-music-circus.de\/bmc\/hints\/#breadcrumb\"},\"inLanguage\":\"de\",\"potentialAction\":[{\"@type\":\"ReadAction\",\"target\":[\"https:\/\/www.berlin-music-circus.de\/bmc\/hints\/\"]}]},{\"@type\":\"BreadcrumbList\",\"@id\":\"https:\/\/www.berlin-music-circus.de\/bmc\/hints\/#breadcrumb\",\"itemListElement\":[{\"@type\":\"ListItem\",\"position\":1,\"name\":\"Startseite\",\"item\":\"https:\/\/www.berlin-music-circus.de\/bmc\/\"},{\"@type\":\"ListItem\",\"position\":2,\"name\":\"Hints\"}]},{\"@type\":\"WebSite\",\"@id\":\"https:\/\/www.berlin-music-circus.de\/bmc\/#website\",\"url\":\"https:\/\/www.berlin-music-circus.de\/bmc\/\",\"name\":\"BERLIN MUSIC CIRCUS\",\"description\":\"Magical home of town&#039;s upcoming SOUND ARTISTS\",\"publisher\":{\"@id\":\"https:\/\/www.berlin-music-circus.de\/bmc\/#organization\"},\"potentialAction\":[{\"@type\":\"SearchAction\",\"target\":{\"@type\":\"EntryPoint\",\"urlTemplate\":\"https:\/\/www.berlin-music-circus.de\/bmc\/?s={search_term_string}\"},\"query-input\":\"required name=search_term_string\"}],\"inLanguage\":\"de\"},{\"@type\":\"Organization\",\"@id\":\"https:\/\/www.berlin-music-circus.de\/bmc\/#organization\",\"name\":\"BERLIN MUSIC CIRCUS\",\"url\":\"https:\/\/www.berlin-music-circus.de\/bmc\/\",\"logo\":{\"@type\":\"ImageObject\",\"inLanguage\":\"de\",\"@id\":\"https:\/\/www.berlin-music-circus.de\/bmc\/#\/schema\/logo\/image\/\",\"url\":\"https:\/\/www.berlin-music-circus.de\/bmc\/wp-content\/uploads\/2021\/08\/Logo350x242Pixel.jpg\",\"contentUrl\":\"https:\/\/www.berlin-music-circus.de\/bmc\/wp-content\/uploads\/2021\/08\/Logo350x242Pixel.jpg\",\"width\":350,\"height\":242,\"caption\":\"BERLIN MUSIC CIRCUS\"},\"image\":{\"@id\":\"https:\/\/www.berlin-music-circus.de\/bmc\/#\/schema\/logo\/image\/\"}}]}<\/script>\n<!-- \/ Yoast SEO plugin. -->","yoast_head_json":{"title":"Hints - BERLIN MUSIC CIRCUS","description":"\u201cWe don\u2019t need money to have a good time\u201d, sangen The Subways. Wir stimmen mit ein: BERLIN MUSIC CIRCUS ist nicht profitorientiert!","robots":{"index":"index","follow":"follow","max-snippet":"max-snippet:-1","max-image-preview":"max-image-preview:large","max-video-preview":"max-video-preview:-1"},"canonical":"https:\/\/www.berlin-music-circus.de\/bmc\/hints\/","og_locale":"de_DE","og_type":"article","og_title":"Hints - BERLIN MUSIC CIRCUS","og_description":"\u201cWe don\u2019t need money to have a good time\u201d, sangen The Subways. Wir stimmen mit ein: BERLIN MUSIC CIRCUS ist nicht profitorientiert!","og_url":"https:\/\/www.berlin-music-circus.de\/bmc\/hints\/","og_site_name":"BERLIN MUSIC CIRCUS","article_modified_time":"2025-07-08T00:05:29+00:00","og_image":[{"url":"https:\/\/www.berlin-music-circus.de\/bmc\/wp-content\/uploads\/2022\/11\/Megaphonmann.png"}],"twitter_card":"summary_large_image","twitter_misc":{"Gesch\u00e4tzte Lesezeit":"3\u00a0Minuten"},"schema":{"@context":"https:\/\/schema.org","@graph":[{"@type":"WebPage","@id":"https:\/\/www.berlin-music-circus.de\/bmc\/hints\/","url":"https:\/\/www.berlin-music-circus.de\/bmc\/hints\/","name":"Hints - BERLIN MUSIC CIRCUS","isPartOf":{"@id":"https:\/\/www.berlin-music-circus.de\/bmc\/#website"},"datePublished":"2021-03-14T02:48:42+00:00","dateModified":"2025-07-08T00:05:29+00:00","description":"\u201cWe don\u2019t need money to have a good time\u201d, sangen The Subways. Wir stimmen mit ein: BERLIN MUSIC CIRCUS ist nicht profitorientiert!","breadcrumb":{"@id":"https:\/\/www.berlin-music-circus.de\/bmc\/hints\/#breadcrumb"},"inLanguage":"de","potentialAction":[{"@type":"ReadAction","target":["https:\/\/www.berlin-music-circus.de\/bmc\/hints\/"]}]},{"@type":"BreadcrumbList","@id":"https:\/\/www.berlin-music-circus.de\/bmc\/hints\/#breadcrumb","itemListElement":[{"@type":"ListItem","position":1,"name":"Startseite","item":"https:\/\/www.berlin-music-circus.de\/bmc\/"},{"@type":"ListItem","position":2,"name":"Hints"}]},{"@type":"WebSite","@id":"https:\/\/www.berlin-music-circus.de\/bmc\/#website","url":"https:\/\/www.berlin-music-circus.de\/bmc\/","name":"BERLIN MUSIC CIRCUS","description":"Magical home of town&#039;s upcoming SOUND ARTISTS","publisher":{"@id":"https:\/\/www.berlin-music-circus.de\/bmc\/#organization"},"potentialAction":[{"@type":"SearchAction","target":{"@type":"EntryPoint","urlTemplate":"https:\/\/www.berlin-music-circus.de\/bmc\/?s={search_term_string}"},"query-input":"required name=search_term_string"}],"inLanguage":"de"},{"@type":"Organization","@id":"https:\/\/www.berlin-music-circus.de\/bmc\/#organization","name":"BERLIN MUSIC CIRCUS","url":"https:\/\/www.berlin-music-circus.de\/bmc\/","logo":{"@type":"ImageObject","inLanguage":"de","@id":"https:\/\/www.berlin-music-circus.de\/bmc\/#\/schema\/logo\/image\/","url":"https:\/\/www.berlin-music-circus.de\/bmc\/wp-content\/uploads\/2021\/08\/Logo350x242Pixel.jpg","contentUrl":"https:\/\/www.berlin-music-circus.de\/bmc\/wp-content\/uploads\/2021\/08\/Logo350x242Pixel.jpg","width":350,"height":242,"caption":"BERLIN MUSIC CIRCUS"},"image":{"@id":"https:\/\/www.berlin-music-circus.de\/bmc\/#\/schema\/logo\/image\/"}}]}},"_links":{"self":[{"href":"https:\/\/www.berlin-music-circus.de\/bmc\/wp-json\/wp\/v2\/pages\/4617","targetHints":{"allow":["GET"]}}],"collection":[{"href":"https:\/\/www.berlin-music-circus.de\/bmc\/wp-json\/wp\/v2\/pages"}],"about":[{"href":"https:\/\/www.berlin-music-circus.de\/bmc\/wp-json\/wp\/v2\/types\/page"}],"author":[{"embeddable":true,"href":"https:\/\/www.berlin-music-circus.de\/bmc\/wp-json\/wp\/v2\/users\/1"}],"replies":[{"embeddable":true,"href":"https:\/\/www.berlin-music-circus.de\/bmc\/wp-json\/wp\/v2\/comments?post=4617"}],"version-history":[{"count":0,"href":"https:\/\/www.berlin-music-circus.de\/bmc\/wp-json\/wp\/v2\/pages\/4617\/revisions"}],"wp:attachment":[{"href":"https:\/\/www.berlin-music-circus.de\/bmc\/wp-json\/wp\/v2\/media?parent=4617"}],"curies":[{"name":"wp","href":"https:\/\/api.w.org\/{rel}","templated":true}]}}